{"id":577,"date":"2020-05-21T10:13:55","date_gmt":"2020-05-21T10:13:55","guid":{"rendered":"https:\/\/access-pac.web-romandie.ch\/agence\/"},"modified":"2023-05-25T06:07:43","modified_gmt":"2023-05-25T06:07:43","slug":"agentur","status":"publish","type":"page","link":"https:\/\/access-pac.com\/de\/agentur\/","title":{"rendered":"Agentur"},"content":{"rendered":"<div class=\"vce-row-container\"><div class=\"vce-row vce-row--col-gap-30 banner_insidepage vce-row-content--top\" data-vce-full-width=\"true\" id=\"el-8796c98b\" data-vce-do-apply=\"all el-8796c98b\"><div class=\"vce-row-content\" data-vce-element-content=\"true\"><div class=\"vce-col vce-col--md-auto vce-col--xs-1 vce-col--xs-last vce-col--xs-first vce-col--sm-last vce-col--sm-first vce-col--md-last vce-col--lg-last vce-col--xl-last vce-col--md-first vce-col--lg-first vce-col--xl-first\" id=\"el-a7bca9c9\"><div class=\"vce-col-inner\" data-vce-do-apply=\"border margin background  el-a7bca9c9\"><div class=\"vce-col-content\" data-vce-element-content=\"true\" data-vce-do-apply=\"padding el-a7bca9c9\"><div class=\"vce-row-container\" data-vce-boxed-width=\"true\"><div class=\"vce-row vce-row--col-gap-30 vce-row-content--top\" id=\"el-985fc261\" data-vce-do-apply=\"all el-985fc261\"><div class=\"vce-content-background-container\"><\/div><div class=\"vce-row-content\" data-vce-element-content=\"true\"><div class=\"vce-col vce-col--md-auto vce-col--xs-1 vce-col--xs-last vce-col--xs-first vce-col--sm-last vce-col--sm-first vce-col--md-last vce-col--lg-last vce-col--xl-last vce-col--md-first vce-col--lg-first vce-col--xl-first\" id=\"el-cf818109\"><div class=\"vce-col-inner\" data-vce-do-apply=\"border margin background  el-cf818109\"><div class=\"vce-col-content\" data-vce-element-content=\"true\" data-vce-do-apply=\"padding el-cf818109\"><div class=\"vce-text-block\"><div class=\"vce-text-block-wrapper vce\" id=\"el-8d0d9c7b\" data-vce-do-apply=\"all el-8d0d9c7b\"><p><span class=\"bg_title\">Agentur<\/span><\/p><h1>Agentur<\/h1><\/div><\/div><\/div><\/div><\/div><\/div><\/div><\/div><div class=\"vce-single-image-container vce-single-image--align-left\"><div class=\"vce vce-single-image-wrapper\" id=\"el-2ab7fdea\" data-vce-do-apply=\"all el-2ab7fdea\"><figure><div class=\"vce-single-image-figure-inner\" style=\"width: 1109px;\"><div class=\"vce-single-image-inner vce-single-image--absolute\" style=\"width: 100%; padding-bottom: 31.7403%;\"><img decoding=\"async\" class=\"vce-single-image\" src=\"https:\/\/access-pac.com\/wp-content\/uploads\/2020\/09\/agence_access_pac.jpg\" data-img-src=\"https:\/\/access-pac.com\/wp-content\/uploads\/2020\/09\/agence_access_pac.jpg\" data-attachment-id=\"698\" alt=\"agence - access pac\" title=\"agence_access_pac\"><\/div><\/div><figcaption hidden=\"\"><\/figcaption><\/figure><\/div><\/div><\/div><\/div><\/div><\/div><\/div><\/div><div class=\"vce-row-container\"><div class=\"vce-row vce-row--col-gap-30 vce-row-content--top\" data-vce-full-width=\"true\" data-vce-stretch-content=\"true\" id=\"el-ddfa14b9\" data-vce-do-apply=\"all el-ddfa14b9\"><div class=\"vce-content-background-container\"><\/div><div class=\"vce-row-content\" data-vce-element-content=\"true\"><div class=\"vce-col vce-col--md-66-66p vce-col--xs-1 vce-col--xs-last vce-col--xs-first vce-col--sm-last vce-col--sm-first vce-col--md-first vce-col--lg-first vce-col--xl-first bgGreen\" id=\"el-5a9d8bb3\"><div class=\"vce-col-inner\" data-vce-do-apply=\"border margin background  el-5a9d8bb3\"><div class=\"vce-col-content\" data-vce-element-content=\"true\" data-vce-do-apply=\"padding el-5a9d8bb3\"><div class=\"vce-text-block navOnePage\"><div class=\"vce-text-block-wrapper vce\" id=\"el-6a208e3e\" data-vce-do-apply=\"all el-6a208e3e\"><p><a class=\"scroll\" href=\"#apropos\">\u00dcber uns<\/a>&nbsp; <span class=\"wdg-select-all-ok\">\u2022<\/span>&nbsp; <a class=\"scroll\" href=\"#equipe\">Gr\u00fcnder<\/a>&nbsp; <span class=\"wdg-select-all-ok\">\u2022<\/span>&nbsp; <a class=\"scroll\" href=\"#clients\">Kunden<\/a>&nbsp; <span class=\"wdg-select-all-ok\">\u2022<\/span>&nbsp; <a class=\"scroll\" href=\"#blog\">Blog<\/a><\/p><\/div><\/div><\/div><\/div><\/div><div class=\"vce-col vce-col--md-33-34p vce-col--xs-1 vce-col--xs-last vce-col--xs-first vce-col--sm-last vce-col--sm-first vce-col--md-last vce-col--lg-last vce-col--xl-last\" id=\"el-a06b3a4b\"><div class=\"vce-col-inner\" data-vce-do-apply=\"border margin background  el-a06b3a4b\"><div class=\"vce-col-content\" data-vce-element-content=\"true\" data-vce-do-apply=\"padding el-a06b3a4b\"><div><\/div><\/div><\/div><\/div><\/div><\/div><\/div><div class=\"vce-row-container\" data-vce-boxed-width=\"true\"><div class=\"vce-row vce-row--col-gap-30 section vce-row-content--top\" id=\"el-2d932491\" data-vce-do-apply=\"all el-2d932491\"><div class=\"vce-row-content\" data-vce-element-content=\"true\"><div class=\"vce-col vce-col--md-auto vce-col--xs-1 vce-col--xs-last vce-col--xs-first vce-col--sm-last vce-col--sm-first vce-col--md-last vce-col--lg-last vce-col--xl-last vce-col--md-first vce-col--lg-first vce-col--xl-first\" id=\"el-ce3eb226\"><div class=\"vce-col-inner\" data-vce-do-apply=\"border margin background  el-ce3eb226\"><div class=\"vce-col-content\" data-vce-element-content=\"true\" data-vce-do-apply=\"padding el-ce3eb226\"><div class=\"vce-row-container\" data-vce-boxed-width=\"true\"><div class=\"vce-row vce-row--col-gap-30 vce-row-content--top\" id=\"el-3ec85cfb\" data-vce-do-apply=\"all el-3ec85cfb\"><div class=\"vce-content-background-container\"><\/div><div class=\"vce-row-content\" data-vce-element-content=\"true\"><div class=\"vce-col vce-col--md-auto vce-col--xs-1 vce-col--xs-last vce-col--xs-first vce-col--sm-last vce-col--sm-first vce-col--md-last vce-col--lg-last vce-col--xl-last vce-col--md-first vce-col--lg-first vce-col--xl-first\" id=\"el-f4196090\"><div class=\"vce-col-inner\" data-vce-do-apply=\"border margin background  el-f4196090\"><div class=\"vce-col-content\" data-vce-element-content=\"true\" data-vce-do-apply=\"padding el-f4196090\"><div class=\"vce-text-block\" id=\"apropos\"><div class=\"vce-text-block-wrapper vce\" id=\"el-04e04a30\" data-vce-do-apply=\"all el-04e04a30\"><p><span class=\"bg_title\">\u00dcber uns<\/span><\/p><h2>\u00dcber uns<\/h2><\/div><\/div><\/div><\/div><\/div><\/div><\/div><\/div><div class=\"vce-row-container\" data-vce-boxed-width=\"true\"><div class=\"vce-row vce-row--col-gap-30 vce-row-content--top\" id=\"el-38081c05\" data-vce-do-apply=\"all el-38081c05\"><div class=\"vce-row-content\" data-vce-element-content=\"true\"><div class=\"vce-col vce-col--md-auto vce-col--xs-1 vce-col--xs-last vce-col--xs-first vce-col--sm-last vce-col--sm-first vce-col--md-first vce-col--lg-first vce-col--xl-first bgGreen p-50\" id=\"el-711d0bf3\"><div class=\"vce-col-inner\" data-vce-do-apply=\"border margin background  el-711d0bf3\"><div class=\"vce-col-content\" data-vce-element-content=\"true\" data-vce-do-apply=\"padding el-711d0bf3\"><div class=\"vce-text-block\"><div class=\"vce-text-block-wrapper vce\" id=\"el-c2d2e36e\" data-vce-do-apply=\"all el-c2d2e36e\"><p><strong>FACHGEBIET<\/strong><\/p><p>Wir sind eine im Jahr 2016 gegr\u00fcndete und auf Interessenvertretung spezialisierte PR-Agentur. Wir unterst\u00fctzen Unternehmen, Berufsverb\u00e4nde und alle Arten von Organisationen in der Schweiz und im Ausland bei ihren Beziehungen mit den \u00f6ffentlichen Einrichtungen.<\/p><\/div><\/div><\/div><\/div><\/div><div class=\"vce-col vce-col--md-33-33p vce-col--xs-1 vce-col--xs-last vce-col--xs-first vce-col--sm-last vce-col--sm-first bgPink p-50\" id=\"el-38c52e02\"><div class=\"vce-col-inner\" data-vce-do-apply=\"border margin background  el-38c52e02\"><div class=\"vce-col-content\" data-vce-element-content=\"true\" data-vce-do-apply=\"padding el-38c52e02\"><div class=\"vce-text-block\"><div class=\"vce-text-block-wrapper vce\" id=\"el-2273ff6e\" data-vce-do-apply=\"all el-2273ff6e\"><p><strong>\u00d6KOSYSTEM<\/strong><\/p>\n<p>Wir werden bei kantonalen und kommunalen Beh\u00f6rden der Westschweizer Kantone t\u00e4tig sowie bei im Internationalen Genf beteiligten Organisationen, und beziehen die Akteure bei unserem Vorgehen mit ein.<\/p><\/div><\/div><\/div><\/div><\/div><div class=\"vce-col vce-col--md-33-33p vce-col--xs-1 vce-col--xs-last vce-col--xs-first vce-col--sm-last vce-col--sm-first vce-col--md-last vce-col--lg-last vce-col--xl-last bgGreen p-50\" id=\"el-284b5c5b\"><div class=\"vce-col-inner\" data-vce-do-apply=\"border margin background  el-284b5c5b\"><div class=\"vce-col-content\" data-vce-element-content=\"true\" data-vce-do-apply=\"padding el-284b5c5b\"><div class=\"vce-text-block\"><div class=\"vce-text-block-wrapper vce\" id=\"el-d5c6a159\" data-vce-do-apply=\"all el-d5c6a159\"><p><strong>ANSATZ<\/strong><\/p><p>Um die gesteckten Ziele zu erreichen, st\u00fctzen wir uns auf eine Methodik in mehreren Schritten: Audit und Ausarbeitung einer Strategie; Beratung, \u00dcberwachung und intelligentes Vorgehen; Projekt- und von Plattformen-Management sowie Reporting und Beurteilung.<\/p><\/div><\/div><\/div><\/div><\/div><\/div><\/div><\/div><\/div><\/div><\/div><\/div><\/div><\/div><div class=\"vce-row-container\"><div class=\"vce-row vce-row--col-gap-30 bgGreen section vce-row-content--top\" data-vce-full-width=\"true\" id=\"el-3ffae888\" data-vce-do-apply=\"all el-3ffae888\"><div class=\"vce-row-content\" data-vce-element-content=\"true\"><div class=\"vce-col vce-col--md-auto vce-col--xs-1 vce-col--xs-last vce-col--xs-first vce-col--sm-last vce-col--sm-first vce-col--md-last vce-col--lg-last vce-col--xl-last vce-col--md-first vce-col--lg-first vce-col--xl-first\" id=\"el-4a47a8a1\"><div class=\"vce-col-inner\" data-vce-do-apply=\"border margin background  el-4a47a8a1\"><div class=\"vce-col-content\" data-vce-element-content=\"true\" data-vce-do-apply=\"padding el-4a47a8a1\"><div class=\"vce-row-container\" data-vce-boxed-width=\"true\"><div class=\"vce-row vce-row--col-gap-30 vce-row-content--top\" id=\"el-28c0c500\" data-vce-do-apply=\"all el-28c0c500\"><div class=\"vce-row-content\" data-vce-element-content=\"true\"><div class=\"vce-col vce-col--md-auto vce-col--xs-1 vce-col--xs-last vce-col--xs-first vce-col--sm-last vce-col--sm-first vce-col--md-last vce-col--lg-last vce-col--xl-last vce-col--md-first vce-col--lg-first vce-col--xl-first\" id=\"el-bfeac4a6\"><div class=\"vce-col-inner\" data-vce-do-apply=\"border margin background  el-bfeac4a6\"><div class=\"vce-col-content\" data-vce-element-content=\"true\" data-vce-do-apply=\"padding el-bfeac4a6\"><div class=\"vce-text-block\" id=\"equipe\"><div class=\"vce-text-block-wrapper vce\" id=\"el-246cdea9\" data-vce-do-apply=\"all el-246cdea9\"><p><span class=\"bg_title\">Gr\u00fcnder<\/span><\/p><h2>Gr\u00fcnder<\/h2><\/div><\/div><\/div><\/div><\/div><\/div><\/div><\/div><div class=\"vce-row-container\" data-vce-boxed-width=\"true\"><div class=\"vce-row vce-row--col-gap-30 vce-row-content--top\" id=\"el-13ae99f1\" data-vce-do-apply=\"all el-13ae99f1\"><div class=\"vce-row-content\" data-vce-element-content=\"true\"><div class=\"vce-col vce-col--md-25p vce-col--xs-1 vce-col--xs-last vce-col--xs-first vce-col--sm-last vce-col--sm-first vce-col--md-first vce-col--lg-first vce-col--xl-first\" id=\"el-963acf52\"><div class=\"vce-col-inner\" data-vce-do-apply=\"border margin background  el-963acf52\"><div class=\"vce-col-content\" data-vce-element-content=\"true\" data-vce-do-apply=\"padding el-963acf52\"><div class=\"vce-single-image-container vce-single-image--align-left\"><div class=\"vce vce-single-image-wrapper\" id=\"el-9af3f4a6\" data-vce-do-apply=\"all el-9af3f4a6\"><figure><div class=\"vce-single-image-figure-inner\" style=\"width: 800px;\"><div class=\"vce-single-image-inner vce-single-image--absolute vce-single-image--border-round\" style=\"width: 100%; padding-bottom: 100%;\"><img loading=\"lazy\" decoding=\"async\" class=\"vce-single-image\"  width=\"800\" height=\"800\" srcset=\"https:\/\/access-pac.com\/wp-content\/uploads\/2020\/09\/DSC_5409-1-800x1024.jpg 800w, https:\/\/access-pac.com\/wp-content\/uploads\/2023\/05\/DSC_5409-1-320x320.jpg 320w, https:\/\/access-pac.com\/wp-content\/uploads\/2023\/05\/DSC_5409-1-480x480.jpg 480w\" src=\"https:\/\/access-pac.com\/wp-content\/uploads\/2020\/09\/DSC_5409-1-800x1024.jpg\" data-img-src=\"https:\/\/access-pac.com\/wp-content\/uploads\/2020\/09\/DSC_5409-1.jpg\" data-attachment-id=\"741\"  alt=\"\" title=\"DSC_5409\" \/><\/div><\/div><figcaption hidden=\"\"><\/figcaption><\/figure><\/div><\/div><\/div><\/div><\/div><div class=\"vce-col vce-col--md-75p vce-col--xs-1 vce-col--xs-last vce-col--xs-first vce-col--sm-last vce-col--sm-first vce-col--md-last vce-col--lg-last vce-col--xl-last\" id=\"el-0e04fa9c\"><div class=\"vce-col-inner\" data-vce-do-apply=\"border margin background  el-0e04fa9c\"><div class=\"vce-col-content\" data-vce-element-content=\"true\" data-vce-do-apply=\"padding el-0e04fa9c\"><div class=\"vce-text-block\"><div class=\"vce-text-block-wrapper vce\" id=\"el-bca658e7\" data-vce-do-apply=\"all el-bca658e7\"><p>Lionel Ricou ist der Gr\u00fcnder von Access Public affairs &amp; Communications. Seit mehr als zwanzig Jahren ist er im Bereich Kommunikation t\u00e4tig, vierzehn davon in Public Affairs und Lobbying. Er war Verantwortlicher des Ressorts Politik, das er in einer wichtigen nationalen Organisation in Bern im Gesundheitsbereich aufgebaut hat, und Senior Berater in einer Schweizer PR-Agentur.<\/p><p>Er hat seine Kunden erfolgreich in folgenden Branchen begleitet: Verkehr, Energie, Gesundheit, Konsumg\u00fcter, globale Wirtschaft, Kultur, Recht, Finanzwesen, Medien und Raumplanung. Er hat f\u00fcr KMU, multinationale Konzerne, Beh\u00f6rden, halb\u00f6ffentliche Einrichtungen, Verb\u00e4nde und Kampagnenkomitees gearbeitet.<\/p><p>Lionel ist Mitglied und ehemaliger Vizepr\u00e4sident der Schweizerischen Public Affairs Gesellschaft (SPAG) sowie Mitglied der Soci\u00e9t\u00e9 Romande de Relations Publiques (SRRP).<\/p><p>Er studierte in Genf und Z\u00fcrich. Lionel erlangte einen Master in Politikwissenschaften sowie einen Master of Arts der Universit\u00e4t Genf und ein Certificat of Advanced Studies in Public Affairs Management der Hochschule f\u00fcr Wirtschaft Z\u00fcrich.<\/p><p>Er engagierte sich w\u00e4hrend acht Jahren als Stadtrat in Genf.<\/p><\/div><\/div><\/div><\/div><\/div><\/div><\/div><\/div><\/div><\/div><\/div><\/div><\/div><\/div><div class=\"vce-row-container\"><div class=\"vce-row vce-row--col-gap-30 bgPink section vce-row-content--top\" data-vce-full-width=\"true\" id=\"el-422da935\" data-vce-do-apply=\"all el-422da935\"><div class=\"vce-row-content\" data-vce-element-content=\"true\"><div class=\"vce-col vce-col--md-auto vce-col--xs-1 vce-col--xs-last vce-col--xs-first vce-col--sm-last vce-col--sm-first vce-col--md-last vce-col--lg-last vce-col--xl-last vce-col--md-first vce-col--lg-first vce-col--xl-first\" id=\"el-fd0ab4fa\"><div class=\"vce-col-inner\" data-vce-do-apply=\"border margin background  el-fd0ab4fa\"><div class=\"vce-col-content\" data-vce-element-content=\"true\" data-vce-do-apply=\"padding el-fd0ab4fa\"><div class=\"vce-row-container\" data-vce-boxed-width=\"true\"><div class=\"vce-row vce-row--col-gap-30 vce-row-content--top\" id=\"el-4e0e2e86\" data-vce-do-apply=\"all el-4e0e2e86\"><div class=\"vce-row-content\" data-vce-element-content=\"true\"><div class=\"vce-col vce-col--md-auto vce-col--xs-1 vce-col--xs-last vce-col--xs-first vce-col--sm-last vce-col--sm-first vce-col--md-last vce-col--lg-last vce-col--xl-last vce-col--md-first vce-col--lg-first vce-col--xl-first\" id=\"el-3c396570\"><div class=\"vce-col-inner\" data-vce-do-apply=\"border margin background  el-3c396570\"><div class=\"vce-col-content\" data-vce-element-content=\"true\" data-vce-do-apply=\"padding el-3c396570\"><div class=\"vce-text-block\" id=\"clients\"><div class=\"vce-text-block-wrapper vce\" id=\"el-f9310266\" data-vce-do-apply=\"all el-f9310266\"><p><span class=\"bg_title\">Kunden<\/span><\/p><h2>Kunden<\/h2><\/div><\/div><\/div><\/div><\/div><\/div><\/div><\/div><div class=\"vce-text-block\"><div class=\"vce-text-block-wrapper vce\" id=\"el-69a918f8\" data-vce-do-apply=\"all el-69a918f8\"><p>Association romande des logop\u00e9distes dipl\u00f4m\u00e9s \u2013 Section Gen\u00e8ve (ARLD-GE)<br>Association des services priv\u00e9s genevois d\u2019ambulances (ASPGA)<br>Association Spitex priv\u00e9es Suisses (ASPS)<br>Association vaudoise des psychologues (AVP)<br>Biolux Research<br>Groupe ECT<br>F\u00e9d\u00e9ration patronale des EMS vaudois (FEDEREMS)<br>Flash<br>Hirslanden<br>Johnson&amp;Johnson Medical Devices<br>La Poste Suisse <br>Katleya Gestion<br>Pangalift <br>PubliBike<br>Star Logistique<br>Association vaudoise des cliniques priv\u00e9es (Vaud Cliniques)<\/p><\/div><\/div><\/div><\/div><\/div><\/div><\/div><\/div>","protected":false},"excerpt":{"rendered":"<p>Agentur<\/p>\n<p>Agentur<img decoding=\"async\" class=\"vce-single-image\" src=\"https:\/\/access-pac.com\/wp-content\/uploads\/2020\/09\/agence_access_pac.jpg\" data-img-src=\"https:\/\/access-pac.com\/wp-content\/uploads\/2020\/09\/agence_access_pac.jpg\" data-attachment-id=\"698\" alt=\"agence - access pac\" title=\"agence_access_pac\"\/><\/p>\n<p><a class=\"scroll\" href=\"#apropos\">\u00dcber uns<\/a>&nbsp; \u2022&nbsp; <a class=\"scroll\" href=\"#equipe\">Gr\u00fcnder<\/a>&nbsp; \u2022&nbsp; <a class=\"scroll\" href=\"#clients\">Kunden<\/a>&nbsp; \u2022&nbsp; <a class=\"scroll\" href=\"#blog\">Blog<\/a><\/p>\n<p>\u00dcber uns<\/p>\n<p>\u00dcber uns<\/p>\n<p><strong>FACHGEBIET<\/strong><\/p>\n<p>Wir sind eine im Jahr 2016 gegr\u00fcndete und auf Interessenvertretung spezialisierte PR-Agentur. Wir unterst\u00fctzen Unternehmen, Berufsverb\u00e4nde und alle Arten von Organisationen in der Schweiz und im Ausland bei ihren Beziehungen mit den \u00f6ffentlichen<\/p>\n<p>&#8230;<\/p>\n","protected":false},"author":1,"featured_media":0,"parent":0,"menu_order":0,"comment_status":"closed","ping_status":"closed","template":"","meta":{"_acf_changed":false,"footnotes":""},"acf":[],"_links":{"self":[{"href":"https:\/\/access-pac.com\/de\/wp-json\/wp\/v2\/pages\/577"}],"collection":[{"href":"https:\/\/access-pac.com\/de\/wp-json\/wp\/v2\/pages"}],"about":[{"href":"https:\/\/access-pac.com\/de\/wp-json\/wp\/v2\/types\/page"}],"author":[{"embeddable":true,"href":"https:\/\/access-pac.com\/de\/wp-json\/wp\/v2\/users\/1"}],"replies":[{"embeddable":true,"href":"https:\/\/access-pac.com\/de\/wp-json\/wp\/v2\/comments?post=577"}],"version-history":[{"count":11,"href":"https:\/\/access-pac.com\/de\/wp-json\/wp\/v2\/pages\/577\/revisions"}],"predecessor-version":[{"id":1209,"href":"https:\/\/access-pac.com\/de\/wp-json\/wp\/v2\/pages\/577\/revisions\/1209"}],"wp:attachment":[{"href":"https:\/\/access-pac.com\/de\/wp-json\/wp\/v2\/media?parent=577"}],"curies":[{"name":"wp","href":"https:\/\/api.w.org\/{rel}","templated":true}]}}