{"id":462,"date":"2020-05-21T10:13:55","date_gmt":"2020-05-21T10:13:55","guid":{"rendered":"https:\/\/access-pac.web-romandie.ch\/agence\/"},"modified":"2023-05-25T06:07:13","modified_gmt":"2023-05-25T06:07:13","slug":"agency","status":"publish","type":"page","link":"https:\/\/access-pac.com\/en\/agency\/","title":{"rendered":"Agency"},"content":{"rendered":"<div class=\"vce-row-container\"><div class=\"vce-row vce-row--col-gap-30 banner_insidepage vce-row-content--top\" data-vce-full-width=\"true\" id=\"el-8796c98b\" data-vce-do-apply=\"all el-8796c98b\"><div class=\"vce-row-content\" data-vce-element-content=\"true\"><div class=\"vce-col vce-col--md-auto vce-col--xs-1 vce-col--xs-last vce-col--xs-first vce-col--sm-last vce-col--sm-first vce-col--md-last vce-col--lg-last vce-col--xl-last vce-col--md-first vce-col--lg-first vce-col--xl-first\" id=\"el-a7bca9c9\"><div class=\"vce-col-inner\" data-vce-do-apply=\"border margin background  el-a7bca9c9\"><div class=\"vce-col-content\" data-vce-element-content=\"true\" data-vce-do-apply=\"padding el-a7bca9c9\"><div class=\"vce-row-container\" data-vce-boxed-width=\"true\"><div class=\"vce-row vce-row--col-gap-30 vce-row-content--top\" id=\"el-985fc261\" data-vce-do-apply=\"all el-985fc261\"><div class=\"vce-content-background-container\"><\/div><div class=\"vce-row-content\" data-vce-element-content=\"true\"><div class=\"vce-col vce-col--md-auto vce-col--xs-1 vce-col--xs-last vce-col--xs-first vce-col--sm-last vce-col--sm-first vce-col--md-last vce-col--lg-last vce-col--xl-last vce-col--md-first vce-col--lg-first vce-col--xl-first\" id=\"el-cf818109\"><div class=\"vce-col-inner\" data-vce-do-apply=\"border margin background  el-cf818109\"><div class=\"vce-col-content\" data-vce-element-content=\"true\" data-vce-do-apply=\"padding el-cf818109\"><div class=\"vce-text-block\"><div class=\"vce-text-block-wrapper vce\" id=\"el-8d0d9c7b\" data-vce-do-apply=\"all el-8d0d9c7b\"><p><span class=\"bg_title\">Agency<\/span><\/p><h1>Agency<\/h1><\/div><\/div><\/div><\/div><\/div><\/div><\/div><\/div><div class=\"vce-single-image-container vce-single-image--align-left\"><div class=\"vce vce-single-image-wrapper\" id=\"el-2ab7fdea\" data-vce-do-apply=\"all el-2ab7fdea\"><figure><div class=\"vce-single-image-figure-inner\" style=\"width: 1109px;\"><div class=\"vce-single-image-inner vce-single-image--absolute\" style=\"width: 100%; padding-bottom: 31.7403%;\"><img decoding=\"async\" class=\"vce-single-image\" src=\"https:\/\/access-pac.com\/wp-content\/uploads\/2020\/09\/agence_access_pac.jpg\" data-img-src=\"https:\/\/access-pac.com\/wp-content\/uploads\/2020\/09\/agence_access_pac.jpg\" data-attachment-id=\"697\" alt=\"agence - access pac\" title=\"agence_access_pac\"><\/div><\/div><figcaption hidden=\"\"><\/figcaption><\/figure><\/div><\/div><\/div><\/div><\/div><\/div><\/div><\/div><div class=\"vce-row-container\"><div class=\"vce-row vce-row--col-gap-30 vce-row-content--top\" data-vce-full-width=\"true\" data-vce-stretch-content=\"true\" id=\"el-ddfa14b9\" data-vce-do-apply=\"all el-ddfa14b9\"><div class=\"vce-content-background-container\"><\/div><div class=\"vce-row-content\" data-vce-element-content=\"true\"><div class=\"vce-col vce-col--md-66-66p vce-col--xs-1 vce-col--xs-last vce-col--xs-first vce-col--sm-last vce-col--sm-first vce-col--md-first vce-col--lg-first vce-col--xl-first bgGreen\" id=\"el-5a9d8bb3\"><div class=\"vce-col-inner\" data-vce-do-apply=\"border margin background  el-5a9d8bb3\"><div class=\"vce-col-content\" data-vce-element-content=\"true\" data-vce-do-apply=\"padding el-5a9d8bb3\"><div class=\"vce-text-block navOnePage\"><div class=\"vce-text-block-wrapper vce\" id=\"el-6a208e3e\" data-vce-do-apply=\"all el-6a208e3e\"><p><a class=\"scroll\" href=\"#apropos\">About us<\/a>&nbsp; <span class=\"wdg-select-all-ok\">\u2022<\/span>&nbsp; <a class=\"scroll\" href=\"#equipe\">Founder<\/a>&nbsp; <span class=\"wdg-select-all-ok\">\u2022<\/span>&nbsp; <a class=\"scroll\" href=\"#clients\">Clients<\/a>&nbsp; <span class=\"wdg-select-all-ok\">\u2022<\/span>&nbsp; <a class=\"scroll\" href=\"#blog\">Blog<\/a><\/p><\/div><\/div><\/div><\/div><\/div><div class=\"vce-col vce-col--md-33-34p vce-col--xs-1 vce-col--xs-last vce-col--xs-first vce-col--sm-last vce-col--sm-first vce-col--md-last vce-col--lg-last vce-col--xl-last\" id=\"el-a06b3a4b\"><div class=\"vce-col-inner\" data-vce-do-apply=\"border margin background  el-a06b3a4b\"><div class=\"vce-col-content\" data-vce-element-content=\"true\" data-vce-do-apply=\"padding el-a06b3a4b\"><div><\/div><\/div><\/div><\/div><\/div><\/div><\/div><div class=\"vce-row-container\" data-vce-boxed-width=\"true\"><div class=\"vce-row vce-row--col-gap-30 section vce-row-content--top\" id=\"el-2d932491\" data-vce-do-apply=\"all el-2d932491\"><div class=\"vce-row-content\" data-vce-element-content=\"true\"><div class=\"vce-col vce-col--md-auto vce-col--xs-1 vce-col--xs-last vce-col--xs-first vce-col--sm-last vce-col--sm-first vce-col--md-last vce-col--lg-last vce-col--xl-last vce-col--md-first vce-col--lg-first vce-col--xl-first\" id=\"el-ce3eb226\"><div class=\"vce-col-inner\" data-vce-do-apply=\"border margin background  el-ce3eb226\"><div class=\"vce-col-content\" data-vce-element-content=\"true\" data-vce-do-apply=\"padding el-ce3eb226\"><div class=\"vce-row-container\" data-vce-boxed-width=\"true\"><div class=\"vce-row vce-row--col-gap-30 vce-row-content--top\" id=\"el-3ec85cfb\" data-vce-do-apply=\"all el-3ec85cfb\"><div class=\"vce-content-background-container\"><\/div><div class=\"vce-row-content\" data-vce-element-content=\"true\"><div class=\"vce-col vce-col--md-auto vce-col--xs-1 vce-col--xs-last vce-col--xs-first vce-col--sm-last vce-col--sm-first vce-col--md-last vce-col--lg-last vce-col--xl-last vce-col--md-first vce-col--lg-first vce-col--xl-first\" id=\"el-f4196090\"><div class=\"vce-col-inner\" data-vce-do-apply=\"border margin background  el-f4196090\"><div class=\"vce-col-content\" data-vce-element-content=\"true\" data-vce-do-apply=\"padding el-f4196090\"><div class=\"vce-text-block\" id=\"apropos\"><div class=\"vce-text-block-wrapper vce\" id=\"el-04e04a30\" data-vce-do-apply=\"all el-04e04a30\"><p><span class=\"bg_title\">About us<\/span><\/p><h2>About us<\/h2><\/div><\/div><\/div><\/div><\/div><\/div><\/div><\/div><div class=\"vce-row-container\" data-vce-boxed-width=\"true\"><div class=\"vce-row vce-row--col-gap-30 vce-row-content--top\" id=\"el-38081c05\" data-vce-do-apply=\"all el-38081c05\"><div class=\"vce-row-content\" data-vce-element-content=\"true\"><div class=\"vce-col vce-col--md-auto vce-col--xs-1 vce-col--xs-last vce-col--xs-first vce-col--sm-last vce-col--sm-first vce-col--md-first vce-col--lg-first vce-col--xl-first bgGreen p-50\" id=\"el-711d0bf3\"><div class=\"vce-col-inner\" data-vce-do-apply=\"border margin background  el-711d0bf3\"><div class=\"vce-col-content\" data-vce-element-content=\"true\" data-vce-do-apply=\"padding el-711d0bf3\"><div class=\"vce-text-block\"><div class=\"vce-text-block-wrapper vce\" id=\"el-c2d2e36e\" data-vce-do-apply=\"all el-c2d2e36e\"><p><strong>SPECIALISATION<\/strong><\/p><p>We are a public relations agency founded in 2016 specialising in the representation of interests. We assist companies, professional associations and all types of organisations in their relations with public authorities, whether established in Switzerland or abroad.<\/p><\/div><\/div><\/div><\/div><\/div><div class=\"vce-col vce-col--md-33-33p vce-col--xs-1 vce-col--xs-last vce-col--xs-first vce-col--sm-last vce-col--sm-first bgPink p-50\" id=\"el-38c52e02\"><div class=\"vce-col-inner\" data-vce-do-apply=\"border margin background  el-38c52e02\"><div class=\"vce-col-content\" data-vce-element-content=\"true\" data-vce-do-apply=\"padding el-38c52e02\"><div class=\"vce-text-block\"><div class=\"vce-text-block-wrapper vce\" id=\"el-2273ff6e\" data-vce-do-apply=\"all el-2273ff6e\"><p><strong>ECOSYSTEM<\/strong><\/p>\n<p>We work with the cantonal and communal authorities of the French-speaking Swiss cantons as well as with the organisations working in International Geneva. We involve all stakeholders in our activities.<\/p><\/div><\/div><\/div><\/div><\/div><div class=\"vce-col vce-col--md-33-33p vce-col--xs-1 vce-col--xs-last vce-col--xs-first vce-col--sm-last vce-col--sm-first vce-col--md-last vce-col--lg-last vce-col--xl-last bgGreen p-50\" id=\"el-284b5c5b\"><div class=\"vce-col-inner\" data-vce-do-apply=\"border margin background  el-284b5c5b\"><div class=\"vce-col-content\" data-vce-element-content=\"true\" data-vce-do-apply=\"padding el-284b5c5b\"><div class=\"vce-text-block\"><div class=\"vce-text-block-wrapper vce\" id=\"el-d5c6a159\" data-vce-do-apply=\"all el-d5c6a159\"><p><strong>APPROACH<\/strong><\/p><p>Our approach to achieving the objectives we set is based on a methodology structured around several moments: audit and strategic development; consulting, monitoring and intelligence; project and platform management as well as reporting and evaluation.<\/p><\/div><\/div><\/div><\/div><\/div><\/div><\/div><\/div><\/div><\/div><\/div><\/div><\/div><\/div><div class=\"vce-row-container\"><div class=\"vce-row vce-row--col-gap-30 bgGreen section vce-row-content--top\" data-vce-full-width=\"true\" id=\"el-3ffae888\" data-vce-do-apply=\"all el-3ffae888\"><div class=\"vce-row-content\" data-vce-element-content=\"true\"><div class=\"vce-col vce-col--md-auto vce-col--xs-1 vce-col--xs-last vce-col--xs-first vce-col--sm-last vce-col--sm-first vce-col--md-last vce-col--lg-last vce-col--xl-last vce-col--md-first vce-col--lg-first vce-col--xl-first\" id=\"el-4a47a8a1\"><div class=\"vce-col-inner\" data-vce-do-apply=\"border margin background  el-4a47a8a1\"><div class=\"vce-col-content\" data-vce-element-content=\"true\" data-vce-do-apply=\"padding el-4a47a8a1\"><div class=\"vce-row-container\" data-vce-boxed-width=\"true\"><div class=\"vce-row vce-row--col-gap-30 vce-row-content--top\" id=\"el-28c0c500\" data-vce-do-apply=\"all el-28c0c500\"><div class=\"vce-row-content\" data-vce-element-content=\"true\"><div class=\"vce-col vce-col--md-auto vce-col--xs-1 vce-col--xs-last vce-col--xs-first vce-col--sm-last vce-col--sm-first vce-col--md-last vce-col--lg-last vce-col--xl-last vce-col--md-first vce-col--lg-first vce-col--xl-first\" id=\"el-bfeac4a6\"><div class=\"vce-col-inner\" data-vce-do-apply=\"border margin background  el-bfeac4a6\"><div class=\"vce-col-content\" data-vce-element-content=\"true\" data-vce-do-apply=\"padding el-bfeac4a6\"><div class=\"vce-text-block\" id=\"equipe\"><div class=\"vce-text-block-wrapper vce\" id=\"el-246cdea9\" data-vce-do-apply=\"all el-246cdea9\"><p><span class=\"bg_title\">Founder<\/span><\/p><h2>Founder<\/h2><\/div><\/div><\/div><\/div><\/div><\/div><\/div><\/div><div class=\"vce-row-container\" data-vce-boxed-width=\"true\"><div class=\"vce-row vce-row--col-gap-30 vce-row-content--top\" id=\"el-13ae99f1\" data-vce-do-apply=\"all el-13ae99f1\"><div class=\"vce-row-content\" data-vce-element-content=\"true\"><div class=\"vce-col vce-col--md-25p vce-col--xs-1 vce-col--xs-last vce-col--xs-first vce-col--sm-last vce-col--sm-first vce-col--md-first vce-col--lg-first vce-col--xl-first\" id=\"el-963acf52\"><div class=\"vce-col-inner\" data-vce-do-apply=\"border margin background  el-963acf52\"><div class=\"vce-col-content\" data-vce-element-content=\"true\" data-vce-do-apply=\"padding el-963acf52\"><div class=\"vce-single-image-container vce-single-image--align-left\"><div class=\"vce vce-single-image-wrapper\" id=\"el-9af3f4a6\" data-vce-do-apply=\"all el-9af3f4a6\"><figure><div class=\"vce-single-image-figure-inner\" style=\"width: 800px;\"><div class=\"vce-single-image-inner vce-single-image--absolute vce-single-image--border-round\" style=\"width: 100%; padding-bottom: 100%;\"><img loading=\"lazy\" decoding=\"async\" class=\"vce-single-image\"  width=\"800\" height=\"800\" srcset=\"https:\/\/access-pac.com\/wp-content\/uploads\/2020\/09\/DSC_5409-1-800x1024.jpg 800w, https:\/\/access-pac.com\/wp-content\/uploads\/2023\/05\/DSC_5409-1-320x320.jpg 320w, https:\/\/access-pac.com\/wp-content\/uploads\/2023\/05\/DSC_5409-1-480x480.jpg 480w\" src=\"https:\/\/access-pac.com\/wp-content\/uploads\/2020\/09\/DSC_5409-1-800x1024.jpg\" data-img-src=\"https:\/\/access-pac.com\/wp-content\/uploads\/2020\/09\/DSC_5409-1.jpg\" data-attachment-id=\"740\"  alt=\"\" title=\"DSC_5409\" \/><\/div><\/div><figcaption hidden=\"\"><\/figcaption><\/figure><\/div><\/div><\/div><\/div><\/div><div class=\"vce-col vce-col--md-75p vce-col--xs-1 vce-col--xs-last vce-col--xs-first vce-col--sm-last vce-col--sm-first vce-col--md-last vce-col--lg-last vce-col--xl-last\" id=\"el-0e04fa9c\"><div class=\"vce-col-inner\" data-vce-do-apply=\"border margin background  el-0e04fa9c\"><div class=\"vce-col-content\" data-vce-element-content=\"true\" data-vce-do-apply=\"padding el-0e04fa9c\"><div class=\"vce-text-block\"><div class=\"vce-text-block-wrapper vce\" id=\"el-bca658e7\" data-vce-do-apply=\"all el-bca658e7\"><p>Lionel Ricou is the founder of Access Public Affairs &amp; Communications. He has been active for over 20 years in the communications sector, 14 of them in public affairs and lobbying. He created and was responsible for the political division of a major national organisation based in Berne operating in the field of health and was a senior consultant in a Swiss public relations firm.<\/p><p>He has successfully assisted clients from a wide range of industries including transport, energy, health, consumer goods, multinationals, culture, law, finance, media and spatial planning. He has worked for SMEs, multinationals, public administrations, parapublic organisations, associations and campaign committees.<\/p><p>Lionel is a member of the Swiss Society of Public Affairs, of which he is a former Vice-President, and of the Soci\u00e9t\u00e9 Romande de Relations Publiques.<\/p><p>He trained in Geneva and Zurich. He holds a Master's degree in Political Science and a Master's degree in Arts from the University of Geneva and a Certificate of Advanced Studies in Public Affairs Management from the \u2018Hochschule f\u00fcr Wirtschaft\u2019 in Zurich.<\/p><p>For eight years he was a member of the Municipal Council of Geneva.<\/p><\/div><\/div><\/div><\/div><\/div><\/div><\/div><\/div><\/div><\/div><\/div><\/div><\/div><\/div><div class=\"vce-row-container\"><div class=\"vce-row vce-row--col-gap-30 bgPink section vce-row-content--top\" data-vce-full-width=\"true\" id=\"el-422da935\" data-vce-do-apply=\"all el-422da935\"><div class=\"vce-row-content\" data-vce-element-content=\"true\"><div class=\"vce-col vce-col--md-auto vce-col--xs-1 vce-col--xs-last vce-col--xs-first vce-col--sm-last vce-col--sm-first vce-col--md-last vce-col--lg-last vce-col--xl-last vce-col--md-first vce-col--lg-first vce-col--xl-first\" id=\"el-fd0ab4fa\"><div class=\"vce-col-inner\" data-vce-do-apply=\"border margin background  el-fd0ab4fa\"><div class=\"vce-col-content\" data-vce-element-content=\"true\" data-vce-do-apply=\"padding el-fd0ab4fa\"><div class=\"vce-row-container\" data-vce-boxed-width=\"true\"><div class=\"vce-row vce-row--col-gap-30 vce-row-content--top\" id=\"el-4e0e2e86\" data-vce-do-apply=\"all el-4e0e2e86\"><div class=\"vce-row-content\" data-vce-element-content=\"true\"><div class=\"vce-col vce-col--md-auto vce-col--xs-1 vce-col--xs-last vce-col--xs-first vce-col--sm-last vce-col--sm-first vce-col--md-last vce-col--lg-last vce-col--xl-last vce-col--md-first vce-col--lg-first vce-col--xl-first\" id=\"el-3c396570\"><div class=\"vce-col-inner\" data-vce-do-apply=\"border margin background  el-3c396570\"><div class=\"vce-col-content\" data-vce-element-content=\"true\" data-vce-do-apply=\"padding el-3c396570\"><div class=\"vce-text-block\" id=\"clients\"><div class=\"vce-text-block-wrapper vce\" id=\"el-f9310266\" data-vce-do-apply=\"all el-f9310266\"><p><span class=\"bg_title\">Clients<\/span><\/p><h2>Clients<\/h2><\/div><\/div><\/div><\/div><\/div><\/div><\/div><\/div><div class=\"vce-text-block\"><div class=\"vce-text-block-wrapper vce\" id=\"el-69a918f8\" data-vce-do-apply=\"all el-69a918f8\"><p>Association genevoise des Institutions de m\u00e9decine de premier recours<br>Association romande des logop\u00e9distes dipl\u00f4m\u00e9s \u2013 Section Gen\u00e8ve (ARLD-GE)<br>Association des services priv\u00e9s genevois d\u2019ambulances (ASPGA)<br>Association Spitex priv\u00e9es Suisses (ASPS)<br>Association vaudoise des psychologues (AVP)<br>Biolux Research<br>Groupe ECT\/Landify<br>F\u00e9d\u00e9ration patronale des EMS vaudois (FEDEREMS)<br>Flash<br>Hirslanden<br>Johnson&amp;Johnson Medical Devices<br>La Poste Suisse <br>Lime<br>Katleya Gestion<br>NGE Infranet<br>Pangalift <br>PubliBike<br>Star Logistique<br>Vaud Cliniques (Association vaudoise des cliniques priv\u00e9es)<\/p><\/div><\/div><\/div><\/div><\/div><\/div><\/div><\/div>","protected":false},"excerpt":{"rendered":"<p>Agency<\/p>\n<p>Agency<img decoding=\"async\" class=\"vce-single-image\" src=\"https:\/\/access-pac.com\/wp-content\/uploads\/2020\/09\/agence_access_pac.jpg\" data-img-src=\"https:\/\/access-pac.com\/wp-content\/uploads\/2020\/09\/agence_access_pac.jpg\" data-attachment-id=\"697\" alt=\"agence - access pac\" title=\"agence_access_pac\"\/><\/p>\n<p><a class=\"scroll\" href=\"#apropos\">About us<\/a>&nbsp; \u2022&nbsp; <a class=\"scroll\" href=\"#equipe\">Founder<\/a>&nbsp; \u2022&nbsp; <a class=\"scroll\" href=\"#clients\">Clients<\/a>&nbsp; \u2022&nbsp; <a class=\"scroll\" href=\"#blog\">Blog<\/a><\/p>\n<p>About us<\/p>\n<p>About us<\/p>\n<p><strong>SPECIALISATION<\/strong><\/p>\n<p>We are a public relations agency founded in 2016 specialising in the representation of interests. We assist companies, professional associations and all types of organisations in their relations with public authorities, whether established<\/p>\n<p>&#8230;<\/p>\n","protected":false},"author":1,"featured_media":0,"parent":0,"menu_order":0,"comment_status":"closed","ping_status":"closed","template":"","meta":{"_acf_changed":false,"footnotes":""},"acf":[],"_links":{"self":[{"href":"https:\/\/access-pac.com\/en\/wp-json\/wp\/v2\/pages\/462"}],"collection":[{"href":"https:\/\/access-pac.com\/en\/wp-json\/wp\/v2\/pages"}],"about":[{"href":"https:\/\/access-pac.com\/en\/wp-json\/wp\/v2\/types\/page"}],"author":[{"embeddable":true,"href":"https:\/\/access-pac.com\/en\/wp-json\/wp\/v2\/users\/1"}],"replies":[{"embeddable":true,"href":"https:\/\/access-pac.com\/en\/wp-json\/wp\/v2\/comments?post=462"}],"version-history":[{"count":14,"href":"https:\/\/access-pac.com\/en\/wp-json\/wp\/v2\/pages\/462\/revisions"}],"predecessor-version":[{"id":1208,"href":"https:\/\/access-pac.com\/en\/wp-json\/wp\/v2\/pages\/462\/revisions\/1208"}],"wp:attachment":[{"href":"https:\/\/access-pac.com\/en\/wp-json\/wp\/v2\/media?parent=462"}],"curies":[{"name":"wp","href":"https:\/\/api.w.org\/{rel}","templated":true}]}}